{"id":2,"date":"2011-03-04T13:41:03","date_gmt":"2011-03-04T13:41:03","guid":{"rendered":"http:\/\/www.pontecultura.de\/home\/?page_id=2"},"modified":"2021-01-07T12:56:45","modified_gmt":"2021-01-07T12:56:45","slug":"verein","status":"publish","type":"page","link":"http:\/\/www.pontecultura.de\/home\/verein\/","title":{"rendered":"Verein"},"content":{"rendered":"<h1>PONTE CULTURA e.V.<\/h1>\n<h3>eine kulturelle Br\u00fccke zwischen S\u00fcdamerika und Europa.<\/h3>\n<p>Die Idee der Kulturbr\u00fccke &#8222;Ponte Cultura&#8220; wurde 1990 in Sao Paulo geboren. Seitdem haben sich daraus rege kulturelle Aktivit\u00e4ten zwischen den beiden Welten ergeben, deren Schwerpunkte auf zeitgen\u00f6ssische Kunst und K\u00fcnstlerbegegnungen liegen. Das Hauptaugenmerk konzentriert sich demzufolge auf die Organisation von Workshops, bei denen K\u00fcnstler zusammenkommen, Ideen austauschen und gemeinsame Projekte erarbeiten \u2013 vor allen Dingen bei den bildenden K\u00fcnsten, aber auch im Bereich zeitgen\u00f6ssischer Musik und Theater.<\/p>\n<p>In diesen Workshops, die von angesehenen K\u00fcnstlern aus verschiedenenen Teilen der Welt besucht werden, ist das Hauptanliegen, den individuellen kreativen Prozess des Einzelnen zu f\u00f6rdern und ihm durch die Gemeinschaft die Gelegenheit zu einem gr\u00f6\u00dferen Aktionsradius zu geben.<br \/>\nDie Workshops werden von Einzel- oder Kollektivausstellungen in Galerien und Kulturzentren sowohl in Europa (Deutschland) als auch in Brasilien begleitet.<\/p>\n<h3><span style=\"color: #993300;\">PONTE CULTURA association<\/span><br \/>\na Cultural Bridge<br \/>\nbetween South America and Europe.<\/h3>\n<p>It was the year 1990 that the idea of Ponte Cultura was first thought of \u2013 in S\u00e3o Paulo. Since that time it has become established as a cultural exchange between the two worlds.<br \/>\nPrimarily, Ponte Cultura is concerned with Contemporary Arts, as a communication between people of different cultures, today. The main focus is therefore in bringing togehter artists in groups to exchange ideas and elaborate new common projects \u2013 mostly in fine arts but as well in contemporary music and theater projects.<\/p>\n<p>In the Workshops held by Ponte Cultura the creative process is catalysed by the mix of artists present, but each artist retains his own independence, thus allowing PC to hold both group and one men exhibitions, alongside those held by the artists, individually.<\/p>\n<h3><span style=\"color: #993300;\">PONTE CULTURA associa\u00e7\u00e3o<\/span><br \/>\numa ponte cultural<br \/>\nentre America do Sud e Europa<\/h3>\n<p>A ideia da ponte cultural &#8222;Ponte Cultura&#8220; nasceu 20 anos atr\u00e0s em S\u00e3o Paulo. Muitas intensas atividades culturais entre os dois mundos aconteceram desde ent\u00e3o. Os pontos principais s\u00e3o a promo\u00e7\u00e3o de arte contempor\u00e2nea e encontros entre artistas e \u00e9 por isso que a associa\u00e7\u00e3o se concentra na busca de organisar workshops para dar aos artistas reunidas a oportunidade de trocar ideias e elaborar projetos em comum \u2013 isso n\u00e3o soltanto nas artes plasticos como tambem no setor de musica nova e teatro.<br \/>\nOs workshops que s\u00e3o frequentados por artistas de renom\u00e9 s\u00e3o organisados do jeito que o processo criativo de cada um pode ser desenvolvido liberadamente e que o fato de trabalhar em conjunto pode ajudar ao artista em alcan\u00e7ar um maior radio de a\u00e7\u00e3o.<br \/>\nOs Workshops est\u00e3o acompanhados por exposi\u00e7\u00f5es individuais como coletivas \u2013 tanto na Europa (Alemanha) quanto no Brasil.<\/p>\n","protected":false},"excerpt":{"rendered":"<p>PONTE CULTURA e.V. eine kulturelle Br\u00fccke zwischen S\u00fcdamerika und Europa. Die Idee der Kulturbr\u00fccke &#8222;Ponte Cultura&#8220; wurde 1990 in Sao Paulo geboren. Seitdem haben sich daraus rege kulturelle Aktivit\u00e4ten zwischen den beiden Welten ergeben, deren Schwerpunkte auf zeitgen\u00f6ssische Kunst und &hellip; <a href=\"http:\/\/www.pontecultura.de\/home\/verein\/\">Weiterlesen <span class=\"meta-nav\">&rarr;<\/span><\/a><\/p>\n","protected":false},"author":1,"featured_media":0,"parent":0,"menu_order":0,"comment_status":"open","ping_status":"open","template":"","meta":{"footnotes":""},"class_list":["post-2","page","type-page","status-publish","hentry"],"_links":{"self":[{"href":"http:\/\/www.pontecultura.de\/home\/wp-json\/wp\/v2\/pages\/2","targetHints":{"allow":["GET"]}}],"collection":[{"href":"http:\/\/www.pontecultura.de\/home\/wp-json\/wp\/v2\/pages"}],"about":[{"href":"http:\/\/www.pontecultura.de\/home\/wp-json\/wp\/v2\/types\/page"}],"author":[{"embeddable":true,"href":"http:\/\/www.pontecultura.de\/home\/wp-json\/wp\/v2\/users\/1"}],"replies":[{"embeddable":true,"href":"http:\/\/www.pontecultura.de\/home\/wp-json\/wp\/v2\/comments?post=2"}],"version-history":[{"count":17,"href":"http:\/\/www.pontecultura.de\/home\/wp-json\/wp\/v2\/pages\/2\/revisions"}],"predecessor-version":[{"id":70,"href":"http:\/\/www.pontecultura.de\/home\/wp-json\/wp\/v2\/pages\/2\/revisions\/70"}],"wp:attachment":[{"href":"http:\/\/www.pontecultura.de\/home\/wp-json\/wp\/v2\/media?parent=2"}],"curies":[{"name":"wp","href":"https:\/\/api.w.org\/{rel}","templated":true}]}}